{"id":981,"date":"2019-11-18T09:54:45","date_gmt":"2019-11-18T08:54:45","guid":{"rendered":"https:\/\/www.puzzlecube.nl\/?page_id=981"},"modified":"2023-07-10T09:31:30","modified_gmt":"2023-07-10T08:31:30","slug":"faq","status":"publish","type":"page","link":"https:\/\/www.puzzlecube.nl\/nl\/faq\/","title":{"rendered":"FAQ"},"content":{"rendered":"<p><style>div.ufaq-faq-category-title h4 {\nfont-weight:600;\nmargin-bottom:unset;\n}\n\na.ewd-ufaq-post-margin {\noutline-color:transparent;\n}\n\n.ufaq-faq-category-inner {\nmargin-bottom:1px;\n}\n\n.ufaq-faq-body {\npadding:0 65px;\npadding-left:55px;\n}\n\ndiv.ufaq-faq-post p {\nmargin:0;\n}\n\n.ewd-ufaq-post-margin-symbol {\ndisplay:inline-block;\nfloat:left;\ntext-align:center;\nwidth:auto;\nheight:auto;\nmargin-right:15px;\npadding:2px 0 0 2px;\nline-height:unset;\n}<\/style><div  class=\"ewd-ufaq-faq-list ewd-ufaq-page-type-load_more ewd-ufaq-category-tabs-\" id='ewd-ufaq-faq-list'>\n\n\t<input type='hidden' name='show_on_load' value='' id='ewd-ufaq-show-on-load' \/>\n<input type='hidden' name='include_category' value='dealership' id='ewd-ufaq-include-category' \/>\n<input type='hidden' name='exclude_category' value='' id='ewd-ufaq-exclude-category' \/>\n<input type='hidden' name='orderby' value='date' id='ewd-ufaq-orderby' \/>\n<input type='hidden' name='order' value='desc' id='ewd-ufaq-order' \/>\n<input type='hidden' name='post_count' value='-1' id='ewd-ufaq-post-count' \/>\n<input type='hidden' name='current_url' value='\/nl\/wp-json\/wp\/v2\/pages\/981' id='ewd-ufaq-current-url' \/>\n\t\n\t\n\t<div class='ewd-ufaq-faqs'>\n\n\t\t<div  class=\"ewd-ufaq-faq-div ewd-ufaq-faq-column-count-one ewd-ufaq-faq-responsive-columns- ewd-ufaq-faq-display-style-default ewd-ufaq-can-be-toggled\" id='ewd-ufaq-post-1300-ECHMtW1GUc' data-post_id='1300'>\n\n\t\t\n\t<div class='ewd-ufaq-faq-title ewd-ufaq-faq-toggle'>\n\t\n\t<a class='ewd-ufaq-post-margin'  href='#' role=\"button\">\n\n\t\t<div class='ewd-ufaq-post-margin-symbol ewd-ufaq-square'>\n\t\t\t<span >A<\/span>\n\t\t<\/div>\n\n\t\t<div class='ewd-ufaq-faq-title-text'>\n\n\t\t\t<h4>\n\t\t\t\tDealer worden?\t\t\t<\/h4>\n\n\t\t<\/div>\n\n\t\t<div class='ewd-ufaq-clear'><\/div>\n\n\t<\/a>\n\t\n<\/div>\n\t\n\t<div class='ewd-ufaq-faq-body' >\n\n\t\t\n\t\t\t\n\t\t\n\t\t\t<div class='ewd-ufaq-post-margin ewd-ufaq-faq-post'>\n\t\nBent u wederverkoper van relatiegeschenken en wilt u de Puzzlecube Original aan uw assortiment toevoegen? Meld je dan aan als offici\u00eble Puzzlecube dealer. Neem contact op met onze verkoopafdeling door te schrijven en te mailen naar sales@puzzlecube.eu of bel ons: +31 315 2000 15.\n<\/div>\n\t\t\n\t\t\t<div class='ewd-ufaq-faq-custom-fields'>\n\n\t\n<\/div>\n\t\t\n\t\t\t\n\t\t\n\t\t\t\n\t\t\n\t\t\t\n\t\t\n\t\t\t\n\t\t\n\t\t\t\n\t\t\n\t\t\t\n\t\t\n\t\t\t\n\t\t\n\t<\/div>\n\n<\/div>\n\t<\/div>\n\n\t\n<\/div><br><style>div.ufaq-faq-category-title h4 {\nfont-weight:600;\nmargin-bottom:unset;\n}\n\na.ewd-ufaq-post-margin {\noutline-color:transparent;\n}\n\n.ufaq-faq-category-inner {\nmargin-bottom:1px;\n}\n\n.ufaq-faq-body {\npadding:0 65px;\npadding-left:55px;\n}\n\ndiv.ufaq-faq-post p {\nmargin:0;\n}\n\n.ewd-ufaq-post-margin-symbol {\ndisplay:inline-block;\nfloat:left;\ntext-align:center;\nwidth:auto;\nheight:auto;\nmargin-right:15px;\npadding:2px 0 0 2px;\nline-height:unset;\n}<\/style><div  class=\"ewd-ufaq-faq-list ewd-ufaq-page-type-load_more ewd-ufaq-category-tabs-\" id='ewd-ufaq-faq-list'>\n\n\t<input type='hidden' name='show_on_load' value='' id='ewd-ufaq-show-on-load' \/>\n<input type='hidden' name='include_category' value='delivery-time' id='ewd-ufaq-include-category' \/>\n<input type='hidden' name='exclude_category' value='' id='ewd-ufaq-exclude-category' \/>\n<input type='hidden' name='orderby' value='date' id='ewd-ufaq-orderby' \/>\n<input type='hidden' name='order' value='desc' id='ewd-ufaq-order' \/>\n<input type='hidden' name='post_count' value='-1' id='ewd-ufaq-post-count' \/>\n<input type='hidden' name='current_url' value='\/nl\/wp-json\/wp\/v2\/pages\/981' id='ewd-ufaq-current-url' \/>\n\t\n\t\n\t<div class='ewd-ufaq-faqs'>\n\n\t\t<div id='ewd-ufaq-faq-category-delivery-time' class='ewd-ufaq-faq-category'>\n\t\n\t<div class='ewd-ufaq-faq-category-title'  >\n\t\t\n\t\t<h4 title=\"Klik hier om Delivery time te openen\">\n\t\t\tLevertijd\t\t\t\t\t<\/h4>\n\n\t\t\t\n\t<\/div>\n\t\n\t<div class='ewd-ufaq-faq-category-inner' >\n<div  class=\"ewd-ufaq-faq-div ewd-ufaq-faq-column-count-one ewd-ufaq-faq-responsive-columns- ewd-ufaq-faq-display-style-default ewd-ufaq-can-be-toggled\" id='ewd-ufaq-post-1301-V5NlnglSlD' data-post_id='1301'>\n\n\t\t\n\t<div class='ewd-ufaq-faq-title ewd-ufaq-faq-toggle'>\n\t\n\t<a class='ewd-ufaq-post-margin'  href='#' role=\"button\">\n\n\t\t<div class='ewd-ufaq-post-margin-symbol ewd-ufaq-square'>\n\t\t\t<span >a<\/span>\n\t\t<\/div>\n\n\t\t<div class='ewd-ufaq-faq-title-text'>\n\n\t\t\t<h4>\n\t\t\t\tIs een spoedlevering mogelijk?\t\t\t<\/h4>\n\n\t\t<\/div>\n\n\t\t<div class='ewd-ufaq-clear'><\/div>\n\n\t<\/a>\n\t\n<\/div>\n\t\n\t<div class='ewd-ufaq-faq-body ewd-ufaq-hidden' >\n\n\t\t\n\t\t\t\n\t\t\n\t\t\t<div class='ewd-ufaq-post-margin ewd-ufaq-faq-post'>\n\t\nFor urgent deliveries please contact our sales department by phone: +31 315 2000 15 to inquire about possibilities.\n<\/div>\n\t\t\n\t\t\t<div class='ewd-ufaq-faq-custom-fields'>\n\n\t\n<\/div>\n\t\t\n\t\t\t\n\t\t\n\t\t\t\n\t\t\n\t\t\t\n\t\t\n\t\t\t\n\t\t\n\t\t\t\n\t\t\n\t\t\t\n\t\t\n\t\t\t\n\t\t\n\t<\/div>\n\n<\/div><div  class=\"ewd-ufaq-faq-div ewd-ufaq-faq-column-count-one ewd-ufaq-faq-responsive-columns- ewd-ufaq-faq-display-style-default ewd-ufaq-can-be-toggled\" id='ewd-ufaq-post-1299-tvqSqnsXLk' data-post_id='1299'>\n\n\t\t\n\t<div class='ewd-ufaq-faq-title ewd-ufaq-faq-toggle'>\n\t\n\t<a class='ewd-ufaq-post-margin'  href='#' role=\"button\">\n\n\t\t<div class='ewd-ufaq-post-margin-symbol ewd-ufaq-square'>\n\t\t\t<span >a<\/span>\n\t\t<\/div>\n\n\t\t<div class='ewd-ufaq-faq-title-text'>\n\n\t\t\t<h4>\n\t\t\t\tWat is de productietijd?\t\t\t<\/h4>\n\n\t\t<\/div>\n\n\t\t<div class='ewd-ufaq-clear'><\/div>\n\n\t<\/a>\n\t\n<\/div>\n\t\n\t<div class='ewd-ufaq-faq-body ewd-ufaq-hidden' >\n\n\t\t\n\t\t\t\n\t\t\n\t\t\t<div class='ewd-ufaq-post-margin ewd-ufaq-faq-post'>\n\t\nDe productietijd van de Puzzlecube Original bedraagt \u200b\u200bcirca 8 werkdagen na orderbevestiging en goedkeuring van het artwork. De bestelling wordt na productie verzonden. Verzending duurt ook een paar dagen. Heeft u een specifieke deadline, neem dan contact met ons op via +31 315 2000 15. Update 02-09-2020: Door uitbreiding van ons machinepark zijn wij nu in staat om de Puzzlecubes alleen binnen 5 productiedagen te produceren voor hoeveelheden onder de 500 stuks. 2-4 dagen ook mogelijk na overleg. \n<\/div>\n\t\t\n\t\t\t<div class='ewd-ufaq-faq-custom-fields'>\n\n\t\n<\/div>\n\t\t\n\t\t\t\n\t\t\n\t\t\t\n\t\t\n\t\t\t\n\t\t\n\t\t\t\n\t\t\n\t\t\t\n\t\t\n\t\t\t\n\t\t\n\t\t\t\n\t\t\n\t<\/div>\n\n<\/div><\/div>\n\n<\/div>\n\n\t<\/div>\n\n\t\n<\/div><br><style>div.ufaq-faq-category-title h4 {\nfont-weight:600;\nmargin-bottom:unset;\n}\n\na.ewd-ufaq-post-margin {\noutline-color:transparent;\n}\n\n.ufaq-faq-category-inner {\nmargin-bottom:1px;\n}\n\n.ufaq-faq-body {\npadding:0 65px;\npadding-left:55px;\n}\n\ndiv.ufaq-faq-post p {\nmargin:0;\n}\n\n.ewd-ufaq-post-margin-symbol {\ndisplay:inline-block;\nfloat:left;\ntext-align:center;\nwidth:auto;\nheight:auto;\nmargin-right:15px;\npadding:2px 0 0 2px;\nline-height:unset;\n}<\/style><div  class=\"ewd-ufaq-faq-list ewd-ufaq-page-type-load_more ewd-ufaq-category-tabs-\" id='ewd-ufaq-faq-list'>\n\n\t<input type='hidden' name='show_on_load' value='' id='ewd-ufaq-show-on-load' \/>\n<input type='hidden' name='include_category' value='shipment' id='ewd-ufaq-include-category' \/>\n<input type='hidden' name='exclude_category' value='' id='ewd-ufaq-exclude-category' \/>\n<input type='hidden' name='orderby' value='date' id='ewd-ufaq-orderby' \/>\n<input type='hidden' name='order' value='desc' id='ewd-ufaq-order' \/>\n<input type='hidden' name='post_count' value='-1' id='ewd-ufaq-post-count' \/>\n<input type='hidden' name='current_url' value='\/nl\/wp-json\/wp\/v2\/pages\/981' id='ewd-ufaq-current-url' \/>\n\t\n\t\n\t<div class='ewd-ufaq-faqs'>\n\n\t\t<div id='ewd-ufaq-faq-category-shipment' class='ewd-ufaq-faq-category'>\n\t\n\t<div class='ewd-ufaq-faq-category-title'  >\n\t\t\n\t\t<h4 title=\"Klik hier om Shipment te openen\">\n\t\t\tVerzending\t\t\t\t\t<\/h4>\n\n\t\t\t\n\t<\/div>\n\t\n\t<div class='ewd-ufaq-faq-category-inner' >\n<div  class=\"ewd-ufaq-faq-div ewd-ufaq-faq-column-count-one ewd-ufaq-faq-responsive-columns- ewd-ufaq-faq-display-style-default ewd-ufaq-can-be-toggled\" id='ewd-ufaq-post-1303-Omw8hVBfZl' data-post_id='1303'>\n\n\t\t\n\t<div class='ewd-ufaq-faq-title ewd-ufaq-faq-toggle'>\n\t\n\t<a class='ewd-ufaq-post-margin'  href='#' role=\"button\">\n\n\t\t<div class='ewd-ufaq-post-margin-symbol ewd-ufaq-square'>\n\t\t\t<span >a<\/span>\n\t\t<\/div>\n\n\t\t<div class='ewd-ufaq-faq-title-text'>\n\n\t\t\t<h4>\n\t\t\t\tMet welk transportbedrijf verzenden jullie?\t\t\t<\/h4>\n\n\t\t<\/div>\n\n\t\t<div class='ewd-ufaq-clear'><\/div>\n\n\t<\/a>\n\t\n<\/div>\n\t\n\t<div class='ewd-ufaq-faq-body ewd-ufaq-hidden' >\n\n\t\t\n\t\t\t\n\t\t\n\t\t\t<div class='ewd-ufaq-post-margin ewd-ufaq-faq-post'>\n\t\nAl onze bestellingen worden verzonden met DHL als transportpartner.\n<\/div>\n\t\t\n\t\t\t<div class='ewd-ufaq-faq-custom-fields'>\n\n\t\n<\/div>\n\t\t\n\t\t\t\n\t\t\n\t\t\t\n\t\t\n\t\t\t\n\t\t\n\t\t\t\n\t\t\n\t\t\t\n\t\t\n\t\t\t\n\t\t\n\t\t\t\n\t\t\n\t<\/div>\n\n<\/div><div  class=\"ewd-ufaq-faq-div ewd-ufaq-faq-column-count-one ewd-ufaq-faq-responsive-columns- ewd-ufaq-faq-display-style-default ewd-ufaq-can-be-toggled\" id='ewd-ufaq-post-1302-eGUd4ABTOj' data-post_id='1302'>\n\n\t\t\n\t<div class='ewd-ufaq-faq-title ewd-ufaq-faq-toggle'>\n\t\n\t<a class='ewd-ufaq-post-margin'  href='#' role=\"button\">\n\n\t\t<div class='ewd-ufaq-post-margin-symbol ewd-ufaq-square'>\n\t\t\t<span >a<\/span>\n\t\t<\/div>\n\n\t\t<div class='ewd-ufaq-faq-title-text'>\n\n\t\t\t<h4>\n\t\t\t\tWat is de transporttijd?\t\t\t<\/h4>\n\n\t\t<\/div>\n\n\t\t<div class='ewd-ufaq-clear'><\/div>\n\n\t<\/a>\n\t\n<\/div>\n\t\n\t<div class='ewd-ufaq-faq-body ewd-ufaq-hidden' >\n\n\t\t\n\t\t\t\n\t\t\n\t\t\t<div class='ewd-ufaq-post-margin ewd-ufaq-faq-post'>\n\t\nDe transporttijd is hoe lang het duurt om vanaf onze locatie naar de verschillende landen te verzenden. Voor ieder land geldt een andere transporttijd. Zie de onderstaande tabel voor de transporttijd voor uw land:<br>\n<table border=\"1\">\n<tr><td><b>Transporttijd<\/b><\/td><td><b>Land<\/b><\/td><\/tr>\n<tr><td>1 werkdag<\/td><td>Belgi\u00eb, Luxemburg, Nederland<\/td><\/tr>\n<tr><td>2 werkdagen<\/td><td>Denemarken, Duitsland, Oostenrijk, Polen, Tsjechi\u00eb, Zuid-Zweden<\/td><\/tr>\n<tr><td>2-3 werkdagen<\/td><td>Frankrijk, Groot-Brittanni\u00eb, Hongarije, Ierland, Noord-Itali\u00eb, Sloveni\u00eb, Slowakije, Spanje, Zwitserland<\/td><\/tr>\n<tr><td>3-4 werkdagen<\/td><td>Finland, Noord-Zweden, Noorwegen, Portugal, Roemeni\u00eb<\/td><\/tr>\n<tr><td>4 werkdagen<\/td><td>Bulgarije, Estland, Kroati\u00eb, Letland, Litouwen, Zuid-Itali\u00eb <\/td><\/tr>\n<tr><td>4-5 werkdagen<\/td><td>Griekenland<\/td><\/tr>\n<\/table><\/p>\n<\/div>\n\t\t\n\t\t\t<div class='ewd-ufaq-faq-custom-fields'>\n\n\t\n<\/div>\n\t\t\n\t\t\t\n\t\t\n\t\t\t\n\t\t\n\t\t\t\n\t\t\n\t\t\t\n\t\t\n\t\t\t\n\t\t\n\t\t\t\n\t\t\n\t\t\t\n\t\t\n\t<\/div>\n\n<\/div><\/div>\n\n<\/div>\n\n\t<\/div>\n\n\t\n<\/div><br><\/p>\n\n\n<style>div.ufaq-faq-category-title h4 {\nfont-weight:600;\nmargin-bottom:unset;\n}\n\na.ewd-ufaq-post-margin {\noutline-color:transparent;\n}\n\n.ufaq-faq-category-inner {\nmargin-bottom:1px;\n}\n\n.ufaq-faq-body {\npadding:0 65px;\npadding-left:55px;\n}\n\ndiv.ufaq-faq-post p {\nmargin:0;\n}\n\n.ewd-ufaq-post-margin-symbol {\ndisplay:inline-block;\nfloat:left;\ntext-align:center;\nwidth:auto;\nheight:auto;\nmargin-right:15px;\npadding:2px 0 0 2px;\nline-height:unset;\n}<\/style><div  class=\"ewd-ufaq-faq-list ewd-ufaq-page-type-load_more ewd-ufaq-category-tabs-\" id='ewd-ufaq-faq-list'>\n\n\t<input type='hidden' name='show_on_load' value='' id='ewd-ufaq-show-on-load' \/>\n<input type='hidden' name='include_category' value='printing' id='ewd-ufaq-include-category' \/>\n<input type='hidden' name='exclude_category' value='' id='ewd-ufaq-exclude-category' \/>\n<input type='hidden' name='orderby' value='date' id='ewd-ufaq-orderby' \/>\n<input type='hidden' name='order' value='desc' id='ewd-ufaq-order' \/>\n<input type='hidden' name='post_count' value='-1' id='ewd-ufaq-post-count' \/>\n<input type='hidden' name='current_url' value='\/nl\/wp-json\/wp\/v2\/pages\/981' id='ewd-ufaq-current-url' \/>\n\t\n\t\n\t<div class='ewd-ufaq-faqs'>\n\n\t\t<div id='ewd-ufaq-faq-category-printing' class='ewd-ufaq-faq-category'>\n\t\n\t<div class='ewd-ufaq-faq-category-title'  >\n\t\t\n\t\t<h4 title=\"Klik hier om Printing te openen\">\n\t\t\tBedrukken\t\t\t\t\t<\/h4>\n\n\t\t\t\n\t<\/div>\n\t\n\t<div class='ewd-ufaq-faq-category-inner' >\n<div  class=\"ewd-ufaq-faq-div ewd-ufaq-faq-column-count-one ewd-ufaq-faq-responsive-columns- ewd-ufaq-faq-display-style-default ewd-ufaq-can-be-toggled\" id='ewd-ufaq-post-1305-kkJRGoWaYs' data-post_id='1305'>\n\n\t\t\n\t<div class='ewd-ufaq-faq-title ewd-ufaq-faq-toggle'>\n\t\n\t<a class='ewd-ufaq-post-margin'  href='#' role=\"button\">\n\n\t\t<div class='ewd-ufaq-post-margin-symbol ewd-ufaq-square'>\n\t\t\t<span >a<\/span>\n\t\t<\/div>\n\n\t\t<div class='ewd-ufaq-faq-title-text'>\n\n\t\t\t<h4>\n\t\t\t\tWelke druktechniek wordt gebruikt?\t\t\t<\/h4>\n\n\t\t<\/div>\n\n\t\t<div class='ewd-ufaq-clear'><\/div>\n\n\t<\/a>\n\t\n<\/div>\n\t\n\t<div class='ewd-ufaq-faq-body ewd-ufaq-hidden' >\n\n\t\t\n\t\t\t\n\t\t\n\t\t\t<div class='ewd-ufaq-post-margin ewd-ufaq-faq-post'>\n\t\nWij gebruiken een fullcolour UV-printer om direct op de Puzzlecube te printen. In tegenstelling tot veel verschillende leveranciers gebruiken wij geen stickers.\n<\/div>\n\t\t\n\t\t\t<div class='ewd-ufaq-faq-custom-fields'>\n\n\t\n<\/div>\n\t\t\n\t\t\t\n\t\t\n\t\t\t\n\t\t\n\t\t\t\n\t\t\n\t\t\t\n\t\t\n\t\t\t\n\t\t\n\t\t\t\n\t\t\n\t\t\t\n\t\t\n\t<\/div>\n\n<\/div><div  class=\"ewd-ufaq-faq-div ewd-ufaq-faq-column-count-one ewd-ufaq-faq-responsive-columns- ewd-ufaq-faq-display-style-default ewd-ufaq-can-be-toggled\" id='ewd-ufaq-post-1304-MDDEZlwbjb' data-post_id='1304'>\n\n\t\t\n\t<div class='ewd-ufaq-faq-title ewd-ufaq-faq-toggle'>\n\t\n\t<a class='ewd-ufaq-post-margin'  href='#' role=\"button\">\n\n\t\t<div class='ewd-ufaq-post-margin-symbol ewd-ufaq-square'>\n\t\t\t<span >a<\/span>\n\t\t<\/div>\n\n\t\t<div class='ewd-ufaq-faq-title-text'>\n\n\t\t\t<h4>\n\t\t\t\tAan welke eisen moet het artwork voldoen?\t\t\t<\/h4>\n\n\t\t<\/div>\n\n\t\t<div class='ewd-ufaq-clear'><\/div>\n\n\t<\/a>\n\t\n<\/div>\n\t\n\t<div class='ewd-ufaq-faq-body ewd-ufaq-hidden' >\n\n\t\t\n\t\t\t\n\t\t\n\t\t\t<div class='ewd-ufaq-post-margin ewd-ufaq-faq-post'>\n\t\n\u2013 Minimaal 300 dpi<br>\n\u2013 Minimale resolutie: 709\u00d7709 px<br>\n\u2013 Maximale bestandsgrootte per afbeelding: 5mb<br>\n\u2013 Afbeeldingsgrootte: 60x60mm, inclusief 1,5mm afloop aan beide zijden<br>\n\u2013 Alle afbeeldingen moeten in \u00e9\u00e9n zip\/rar-bestand worden ge\u00fcpload\n<\/div>\n\t\t\n\t\t\t<div class='ewd-ufaq-faq-custom-fields'>\n\n\t\n<\/div>\n\t\t\n\t\t\t\n\t\t\n\t\t\t\n\t\t\n\t\t\t\n\t\t\n\t\t\t\n\t\t\n\t\t\t\n\t\t\n\t\t\t\n\t\t\n\t\t\t\n\t\t\n\t<\/div>\n\n<\/div><\/div>\n\n<\/div>\n\n\t<\/div>\n\n\t\n<\/div>","protected":false},"excerpt":{"rendered":"<p>A Which requirements must the artwork meet? &#8211; Minimal 300 dpi &#8211; Minimal resolution: 709&#215;709 px &#8211; Maximum file size per image: 5mb &#8211; Image format: 60x60mm, including 1,5mm bleed on both sides &#8211; All images must be uploaded in a single zip\/rar file<\/p>","protected":false},"author":1,"featured_media":0,"parent":0,"menu_order":0,"comment_status":"closed","ping_status":"closed","template":"","meta":{"footnotes":""},"class_list":["post-981","page","type-page","status-publish","hentry"],"_links":{"self":[{"href":"https:\/\/www.puzzlecube.nl\/nl\/wp-json\/wp\/v2\/pages\/981","targetHints":{"allow":["GET"]}}],"collection":[{"href":"https:\/\/www.puzzlecube.nl\/nl\/wp-json\/wp\/v2\/pages"}],"about":[{"href":"https:\/\/www.puzzlecube.nl\/nl\/wp-json\/wp\/v2\/types\/page"}],"author":[{"embeddable":true,"href":"https:\/\/www.puzzlecube.nl\/nl\/wp-json\/wp\/v2\/users\/1"}],"replies":[{"embeddable":true,"href":"https:\/\/www.puzzlecube.nl\/nl\/wp-json\/wp\/v2\/comments?post=981"}],"version-history":[{"count":5,"href":"https:\/\/www.puzzlecube.nl\/nl\/wp-json\/wp\/v2\/pages\/981\/revisions"}],"predecessor-version":[{"id":2920,"href":"https:\/\/www.puzzlecube.nl\/nl\/wp-json\/wp\/v2\/pages\/981\/revisions\/2920"}],"wp:attachment":[{"href":"https:\/\/www.puzzlecube.nl\/nl\/wp-json\/wp\/v2\/media?parent=981"}],"curies":[{"name":"wp","href":"https:\/\/api.w.org\/{rel}","templated":true}]}}